{"id":79,"date":"2017-11-10T14:08:51","date_gmt":"2017-11-10T14:08:51","guid":{"rendered":"http:\/\/tag_link_site_url\/mesmerize\/"},"modified":"2026-04-13T09:12:33","modified_gmt":"2026-04-13T07:12:33","slug":"mesmerize","status":"publish","type":"page","link":"https:\/\/valestherapeute.com\/","title":{"rendered":"Accueil"},"content":{"rendered":"\t\t<div data-elementor-type=\"wp-page\" data-elementor-id=\"79\" class=\"elementor elementor-79\">\n\t\t\t\t\t\t<section class=\"elementor-section elementor-top-section elementor-element elementor-element-3644611 elementor-section-boxed elementor-section-height-default elementor-section-height-default\" data-id=\"3644611\" data-element_type=\"section\" data-e-type=\"section\">\n\t\t\t\t\t\t<div class=\"elementor-container elementor-column-gap-default\">\n\t\t\t\t\t<div class=\"elementor-column elementor-col-100 elementor-top-column elementor-element elementor-element-7a631c2\" data-id=\"7a631c2\" data-element_type=\"column\" data-e-type=\"column\">\n\t\t\t<div class=\"elementor-widget-wrap elementor-element-populated\">\n\t\t\t\t\t\t<div class=\"elementor-element elementor-element-7f87a2d elementor-widget elementor-widget-spacer\" data-id=\"7f87a2d\" data-element_type=\"widget\" data-e-type=\"widget\" data-widget_type=\"spacer.default\">\n\t\t\t\t<div class=\"elementor-widget-container\">\n\t\t\t\t\t\t\t<div class=\"elementor-spacer\">\n\t\t\t<div class=\"elementor-spacer-inner\"><\/div>\n\t\t<\/div>\n\t\t\t\t\t\t<\/div>\n\t\t\t\t<\/div>\n\t\t\t\t\t<\/div>\n\t\t<\/div>\n\t\t\t\t\t<\/div>\n\t\t<\/section>\n\t\t\t\t<section class=\"elementor-section elementor-top-section elementor-element elementor-element-62baf4d elementor-section-boxed elementor-section-height-default elementor-section-height-default\" data-id=\"62baf4d\" data-element_type=\"section\" data-e-type=\"section\">\n\t\t\t\t\t\t<div class=\"elementor-container elementor-column-gap-default\">\n\t\t\t\t\t<div class=\"elementor-column elementor-col-100 elementor-top-column elementor-element elementor-element-fb2d1ec\" data-id=\"fb2d1ec\" data-element_type=\"column\" data-e-type=\"column\">\n\t\t\t<div class=\"elementor-widget-wrap elementor-element-populated\">\n\t\t\t\t\t\t<div class=\"elementor-element elementor-element-1b33e51 elementor-widget elementor-widget-heading\" data-id=\"1b33e51\" data-element_type=\"widget\" data-e-type=\"widget\" data-widget_type=\"heading.default\">\n\t\t\t\t<div class=\"elementor-widget-container\">\n\t\t\t\t\t<h2 class=\"elementor-heading-title elementor-size-default\"><i style=\"font-weight: 400;background-color: transparent;font-size: 2.5rem\">Un espace pour vous reconnecter \u00e0 vous-m\u00eame<\/i><\/h2>\t\t\t\t<\/div>\n\t\t\t\t<\/div>\n\t\t\t\t\t<\/div>\n\t\t<\/div>\n\t\t\t\t\t<\/div>\n\t\t<\/section>\n\t\t\t\t<section class=\"elementor-section elementor-top-section elementor-element elementor-element-13c9676 elementor-section-boxed elementor-section-height-default elementor-section-height-default\" data-id=\"13c9676\" data-element_type=\"section\" data-e-type=\"section\">\n\t\t\t\t\t\t<div class=\"elementor-container elementor-column-gap-default\">\n\t\t\t\t\t<div class=\"elementor-column elementor-col-100 elementor-top-column elementor-element elementor-element-e54a3be\" data-id=\"e54a3be\" data-element_type=\"column\" data-e-type=\"column\">\n\t\t\t<div class=\"elementor-widget-wrap elementor-element-populated\">\n\t\t\t\t\t\t<div class=\"elementor-element elementor-element-89bacdb elementor-widget elementor-widget-text-editor\" data-id=\"89bacdb\" data-element_type=\"widget\" data-e-type=\"widget\" data-widget_type=\"text-editor.default\">\n\t\t\t\t<div class=\"elementor-widget-container\">\n\t\t\t\t\t\t\t\t\t<p><span style=\"color: rgb(60, 66, 79); font-family: Muli, sans-serif; font-size: 24px; letter-spacing: 1px; background-color: transparent;\">Dans cet espace th\u00e9rapeutique dans lequel je vous propose une \u00e9coute attentive et bienveillante, vous pouvez ralentir, explorer ce qui vous habite et retrouver un \u00e9lan qui vous ressemble.<\/span><\/p>\n<p><span style=\"color: rgb(60, 66, 79); font-family: Muli, sans-serif; font-size: 24px; letter-spacing: 1px; background-color: transparent;\">Vous serez accompagn\u00e9-e d&rsquo;une th\u00e9rapie alliant l&rsquo;ACP (Approche Centr\u00e9e sur la Personne) et une pratique psycho-corporelle (Focusing, Emdr-Dsa).<\/span><\/p>\t\t\t\t\t\t\t\t<\/div>\n\t\t\t\t<\/div>\n\t\t\t\t\t<\/div>\n\t\t<\/div>\n\t\t\t\t\t<\/div>\n\t\t<\/section>\n\t\t\t\t<section class=\"elementor-section elementor-top-section elementor-element elementor-element-64609cf elementor-section-boxed elementor-section-height-default elementor-section-height-default\" data-id=\"64609cf\" data-element_type=\"section\" data-e-type=\"section\">\n\t\t\t\t\t\t<div class=\"elementor-container elementor-column-gap-default\">\n\t\t\t\t\t<div class=\"elementor-column elementor-col-100 elementor-top-column elementor-element elementor-element-249ef28\" data-id=\"249ef28\" data-element_type=\"column\" data-e-type=\"column\">\n\t\t\t<div class=\"elementor-widget-wrap elementor-element-populated\">\n\t\t\t\t\t\t<div class=\"elementor-element elementor-element-9ac0d7a elementor-widget elementor-widget-spacer\" data-id=\"9ac0d7a\" data-element_type=\"widget\" data-e-type=\"widget\" data-widget_type=\"spacer.default\">\n\t\t\t\t<div class=\"elementor-widget-container\">\n\t\t\t\t\t\t\t<div class=\"elementor-spacer\">\n\t\t\t<div class=\"elementor-spacer-inner\"><\/div>\n\t\t<\/div>\n\t\t\t\t\t\t<\/div>\n\t\t\t\t<\/div>\n\t\t\t\t\t<\/div>\n\t\t<\/div>\n\t\t\t\t\t<\/div>\n\t\t<\/section>\n\t\t\t\t<section class=\"elementor-section elementor-top-section elementor-element elementor-element-e841160 elementor-section-boxed elementor-section-height-default elementor-section-height-default\" data-id=\"e841160\" data-element_type=\"section\" data-e-type=\"section\">\n\t\t\t\t\t\t<div class=\"elementor-container elementor-column-gap-default\">\n\t\t\t\t\t<div class=\"elementor-column elementor-col-100 elementor-top-column elementor-element elementor-element-d922575\" data-id=\"d922575\" data-element_type=\"column\" data-e-type=\"column\">\n\t\t\t<div class=\"elementor-widget-wrap elementor-element-populated\">\n\t\t\t\t\t\t<div class=\"elementor-element elementor-element-111ed31 elementor-widget elementor-widget-heading\" data-id=\"111ed31\" data-element_type=\"widget\" data-e-type=\"widget\" data-widget_type=\"heading.default\">\n\t\t\t\t<div class=\"elementor-widget-container\">\n\t\t\t\t\t<h2 class=\"elementor-heading-title elementor-size-default\"><i style=\"font-weight: 400;background-color: transparent;font-size: 2.5rem\">Une th\u00e9rapie centr\u00e9e sur vous<\/i><\/h2>\t\t\t\t<\/div>\n\t\t\t\t<\/div>\n\t\t\t\t\t<\/div>\n\t\t<\/div>\n\t\t\t\t\t<\/div>\n\t\t<\/section>\n\t\t\t\t<section class=\"elementor-section elementor-top-section elementor-element elementor-element-a2920e9 elementor-section-boxed elementor-section-height-default elementor-section-height-default\" data-id=\"a2920e9\" data-element_type=\"section\" data-e-type=\"section\">\n\t\t\t\t\t\t<div class=\"elementor-container elementor-column-gap-default\">\n\t\t\t\t\t<div class=\"elementor-column elementor-col-100 elementor-top-column elementor-element elementor-element-00c56bf\" data-id=\"00c56bf\" data-element_type=\"column\" data-e-type=\"column\">\n\t\t\t<div class=\"elementor-widget-wrap elementor-element-populated\">\n\t\t\t\t\t\t<div class=\"elementor-element elementor-element-ae09feb elementor-widget elementor-widget-text-editor\" data-id=\"ae09feb\" data-element_type=\"widget\" data-e-type=\"widget\" data-widget_type=\"text-editor.default\">\n\t\t\t\t<div class=\"elementor-widget-container\">\n\t\t\t\t\t\t\t\t\t<p><span style=\"background-color: transparent; color: rgb(60, 66, 79); font-family: Muli, sans-serif; font-size: 1.5rem; letter-spacing: 0.0625rem;\">Chaque personne est unique, chaque parcours l&rsquo;est aussi.<br><\/span><span style=\"background-color: transparent; color: rgb(60, 66, 79); font-family: Muli, sans-serif; font-size: 1.5rem; letter-spacing: 0.0625rem;\"><br>Mon approche me permet de puiser dans plusieurs courants th\u00e9rapeutiques pour construire avec vous un chemin de soin adapt\u00e9 \u00e0 votre histoire, vos besoins et votre rythme.<br><\/span><span style=\"background-color: transparent; color: rgb(60, 66, 79); font-family: Muli, sans-serif; font-size: 1.5rem; letter-spacing: 0.0625rem;\"><br>L&rsquo;alliance th\u00e9rapeutique est une relation de confiance entre nous et elle est au coeur de ce que je vous propose.<br><\/span><span style=\"background-color: transparent; color: rgb(60, 66, 79); font-family: Muli, sans-serif; font-size: 1.5rem; letter-spacing: 0.0625rem;\"><br>Vous n&rsquo;\u00eates pas un cas \u00e0 traiter : vous \u00eates une personne \u00e0 accompagner.<br><\/span><span style=\"background-color: transparent; color: rgb(60, 66, 79); font-family: Muli, sans-serif; font-size: 1.5rem; letter-spacing: 0.0625rem;\"><br>Ensemble, nous prenons le temps de mettre des mots sur votre exp\u00e9rience afin de favoriser un cheminement vers plus de clart\u00e9 et d&rsquo;apaisement.<br><\/span><span style=\"background-color: transparent; color: rgb(60, 66, 79); font-family: Muli, sans-serif; font-size: 1.5rem; letter-spacing: 0.0625rem;\"><br>En tant que professionnelle qualifi\u00e9e, je vous accompagne dans cet espace de parole pour un soutien psychologique<\/span><\/p>\t\t\t\t\t\t\t\t<\/div>\n\t\t\t\t<\/div>\n\t\t\t\t\t<\/div>\n\t\t<\/div>\n\t\t\t\t\t<\/div>\n\t\t<\/section>\n\t\t\t\t<section class=\"elementor-section elementor-top-section elementor-element elementor-element-2356097 elementor-section-boxed elementor-section-height-default elementor-section-height-default\" data-id=\"2356097\" data-element_type=\"section\" data-e-type=\"section\">\n\t\t\t\t\t\t<div class=\"elementor-container elementor-column-gap-default\">\n\t\t\t\t\t<div class=\"elementor-column elementor-col-100 elementor-top-column elementor-element elementor-element-0e1cf69\" data-id=\"0e1cf69\" data-element_type=\"column\" data-e-type=\"column\">\n\t\t\t<div class=\"elementor-widget-wrap elementor-element-populated\">\n\t\t\t\t\t\t<div class=\"elementor-element elementor-element-213227a elementor-widget elementor-widget-spacer\" data-id=\"213227a\" data-element_type=\"widget\" data-e-type=\"widget\" data-widget_type=\"spacer.default\">\n\t\t\t\t<div class=\"elementor-widget-container\">\n\t\t\t\t\t\t\t<div class=\"elementor-spacer\">\n\t\t\t<div class=\"elementor-spacer-inner\"><\/div>\n\t\t<\/div>\n\t\t\t\t\t\t<\/div>\n\t\t\t\t<\/div>\n\t\t\t\t\t<\/div>\n\t\t<\/div>\n\t\t\t\t\t<\/div>\n\t\t<\/section>\n\t\t\t\t<section class=\"elementor-section elementor-top-section elementor-element elementor-element-891f081 elementor-section-boxed elementor-section-height-default elementor-section-height-default\" data-id=\"891f081\" data-element_type=\"section\" data-e-type=\"section\">\n\t\t\t\t\t\t<div class=\"elementor-container elementor-column-gap-default\">\n\t\t\t\t\t<div class=\"elementor-column elementor-col-100 elementor-top-column elementor-element elementor-element-5f4b58f\" data-id=\"5f4b58f\" data-element_type=\"column\" data-e-type=\"column\">\n\t\t\t<div class=\"elementor-widget-wrap elementor-element-populated\">\n\t\t\t\t\t\t<div class=\"elementor-element elementor-element-3485056 elementor-widget elementor-widget-heading\" data-id=\"3485056\" data-element_type=\"widget\" data-e-type=\"widget\" data-widget_type=\"heading.default\">\n\t\t\t\t<div class=\"elementor-widget-container\">\n\t\t\t\t\t<h2 class=\"elementor-heading-title elementor-size-default\"><i style=\"font-size: 16px;font-weight: 400\"><span style=\"font-size: 2.5rem\">Vous traversez une p\u00e9riode difficile<\/span><\/i><\/h2>\t\t\t\t<\/div>\n\t\t\t\t<\/div>\n\t\t\t\t\t<\/div>\n\t\t<\/div>\n\t\t\t\t\t<\/div>\n\t\t<\/section>\n\t\t\t\t<section class=\"elementor-section elementor-top-section elementor-element elementor-element-d5fb9ab elementor-section-boxed elementor-section-height-default elementor-section-height-default\" data-id=\"d5fb9ab\" data-element_type=\"section\" data-e-type=\"section\">\n\t\t\t\t\t\t<div class=\"elementor-container elementor-column-gap-default\">\n\t\t\t\t\t<div class=\"elementor-column elementor-col-100 elementor-top-column elementor-element elementor-element-978eab7\" data-id=\"978eab7\" data-element_type=\"column\" data-e-type=\"column\">\n\t\t\t<div class=\"elementor-widget-wrap elementor-element-populated\">\n\t\t\t\t\t\t<div class=\"elementor-element elementor-element-dca0312 elementor-widget elementor-widget-text-editor\" data-id=\"dca0312\" data-element_type=\"widget\" data-e-type=\"widget\" data-widget_type=\"text-editor.default\">\n\t\t\t\t<div class=\"elementor-widget-container\">\n\t\t\t\t\t\t\t\t\t<p><span style=\"font-size: 1.5rem; letter-spacing: 0.0625rem; color: rgb(60, 66, 79); font-family: Muli, sans-serif; background-color: transparent;\">Ma pratique s&rsquo;adresse \u00e0 des adultes et adolescents confront\u00e9s \u00e0 des situations vari\u00e9es.<br><br>Rien n&rsquo;est trop petit ou trop grand pour \u00eatre amen\u00e9 en th\u00e9rapie.<br><\/span><span style=\"background-color: transparent; color: rgb(60, 66, 79); font-family: Muli, sans-serif; font-size: 1.5rem; letter-spacing: 0.0625rem;\"><br><b>Anxi\u00e9t\u00e9 et stress chronique<br><\/b><\/span><span style=\"font-size: 1.5rem; letter-spacing: 0.0625rem; color: rgb(60, 66, 79); font-family: Muli, sans-serif; background-color: transparent;\">Angoisses persistantes, ruminations, peurs qui envahissent la pens\u00e9e ou le corps.<br><\/span><span style=\"background-color: transparent; color: rgb(60, 66, 79); font-family: Muli, sans-serif; font-size: 1.5rem; letter-spacing: 0.0625rem;\"><br><b>D\u00e9pression et mal-\u00eatre profond<br><\/b><\/span><span style=\"font-size: 1.5rem; letter-spacing: 0.0625rem; color: rgb(60, 66, 79); font-family: Muli, sans-serif; background-color: transparent;\">Sensation de vide, perte de sens ou de motivation, sentiment d&rsquo;\u00eatre seul-e face \u00e0 soi-m\u00eame.<br><\/span><span style=\"background-color: transparent; color: rgb(60, 66, 79); font-family: Muli, sans-serif; font-size: 1.5rem; letter-spacing: 0.0625rem;\"><br><b>Difficult\u00e9s relationnelles<br><\/b><\/span><span style=\"font-size: 1.5rem; letter-spacing: 0.0625rem; color: rgb(60, 66, 79); font-family: Muli, sans-serif; background-color: transparent;\">Relations amoureuses, familiales ou professionnelles douloureuses et r\u00e9p\u00e9titives.<br><\/span><span style=\"background-color: transparent; color: rgb(60, 66, 79); font-family: Muli, sans-serif; font-size: 1.5rem; letter-spacing: 0.0625rem;\"><br><b>Transitions et crise de vie<br><\/b><\/span><span style=\"font-size: 1.5rem; letter-spacing: 0.0625rem; color: rgb(60, 66, 79); font-family: Muli, sans-serif; background-color: transparent;\">S\u00e9paration, reconversion, maternit\u00e9, retraite, perte d&rsquo;identit\u00e9, tout changement qui d\u00e9stabilise.<\/span><\/p>\t\t\t\t\t\t\t\t<\/div>\n\t\t\t\t<\/div>\n\t\t\t\t\t<\/div>\n\t\t<\/div>\n\t\t\t\t\t<\/div>\n\t\t<\/section>\n\t\t\t\t<section class=\"elementor-section elementor-top-section elementor-element elementor-element-3fbf2ee elementor-section-boxed elementor-section-height-default elementor-section-height-default\" data-id=\"3fbf2ee\" data-element_type=\"section\" data-e-type=\"section\">\n\t\t\t\t\t\t<div class=\"elementor-container elementor-column-gap-default\">\n\t\t\t\t\t<div class=\"elementor-column elementor-col-100 elementor-top-column elementor-element elementor-element-5caf4e0\" data-id=\"5caf4e0\" data-element_type=\"column\" data-e-type=\"column\">\n\t\t\t<div class=\"elementor-widget-wrap elementor-element-populated\">\n\t\t\t\t\t\t<div class=\"elementor-element elementor-element-4eeea43 elementor-widget elementor-widget-spacer\" data-id=\"4eeea43\" data-element_type=\"widget\" data-e-type=\"widget\" data-widget_type=\"spacer.default\">\n\t\t\t\t<div class=\"elementor-widget-container\">\n\t\t\t\t\t\t\t<div class=\"elementor-spacer\">\n\t\t\t<div class=\"elementor-spacer-inner\"><\/div>\n\t\t<\/div>\n\t\t\t\t\t\t<\/div>\n\t\t\t\t<\/div>\n\t\t\t\t\t<\/div>\n\t\t<\/div>\n\t\t\t\t\t<\/div>\n\t\t<\/section>\n\t\t\t\t<section class=\"elementor-section elementor-top-section elementor-element elementor-element-cc91cf7 elementor-section-boxed elementor-section-height-default elementor-section-height-default\" data-id=\"cc91cf7\" data-element_type=\"section\" data-e-type=\"section\">\n\t\t\t\t\t\t<div class=\"elementor-container elementor-column-gap-default\">\n\t\t\t\t\t<div class=\"elementor-column elementor-col-100 elementor-top-column elementor-element elementor-element-82b964b\" data-id=\"82b964b\" data-element_type=\"column\" data-e-type=\"column\">\n\t\t\t<div class=\"elementor-widget-wrap elementor-element-populated\">\n\t\t\t\t\t\t<div class=\"elementor-element elementor-element-8bea0cc elementor-align-center elementor-widget elementor-widget-button\" data-id=\"8bea0cc\" data-element_type=\"widget\" data-e-type=\"widget\" data-widget_type=\"button.default\">\n\t\t\t\t<div class=\"elementor-widget-container\">\n\t\t\t\t\t\t\t\t\t<div class=\"elementor-button-wrapper\">\n\t\t\t\t\t<a class=\"elementor-button elementor-button-link elementor-size-sm\" href=\"https:\/\/valestherapeute.com\/index.php\/approche-therapeutique\/\">\n\t\t\t\t\t\t<span class=\"elementor-button-content-wrapper\">\n\t\t\t\t\t\t\t\t\t<span class=\"elementor-button-text\">Approche<\/span>\n\t\t\t\t\t<\/span>\n\t\t\t\t\t<\/a>\n\t\t\t\t<\/div>\n\t\t\t\t\t\t\t\t<\/div>\n\t\t\t\t<\/div>\n\t\t\t\t\t<\/div>\n\t\t<\/div>\n\t\t\t\t\t<\/div>\n\t\t<\/section>\n\t\t\t\t<section class=\"elementor-section elementor-top-section elementor-element elementor-element-f6109cd elementor-section-boxed elementor-section-height-default elementor-section-height-default\" data-id=\"f6109cd\" data-element_type=\"section\" data-e-type=\"section\">\n\t\t\t\t\t\t<div class=\"elementor-container elementor-column-gap-default\">\n\t\t\t\t\t<div class=\"elementor-column elementor-col-100 elementor-top-column elementor-element elementor-element-44a31e9\" data-id=\"44a31e9\" data-element_type=\"column\" data-e-type=\"column\">\n\t\t\t<div class=\"elementor-widget-wrap elementor-element-populated\">\n\t\t\t\t\t\t<div class=\"elementor-element elementor-element-52c87f6 elementor-widget elementor-widget-spacer\" data-id=\"52c87f6\" data-element_type=\"widget\" data-e-type=\"widget\" data-widget_type=\"spacer.default\">\n\t\t\t\t<div class=\"elementor-widget-container\">\n\t\t\t\t\t\t\t<div class=\"elementor-spacer\">\n\t\t\t<div class=\"elementor-spacer-inner\"><\/div>\n\t\t<\/div>\n\t\t\t\t\t\t<\/div>\n\t\t\t\t<\/div>\n\t\t\t\t\t<\/div>\n\t\t<\/div>\n\t\t\t\t\t<\/div>\n\t\t<\/section>\n\t\t\t\t<\/div>\n\t\t","protected":false},"excerpt":{"rendered":"<p>Un espace pour vous reconnecter \u00e0 vous-m\u00eame Dans cet espace th\u00e9rapeutique dans lequel je vous propose une \u00e9coute attentive et bienveillante, vous pouvez ralentir, explorer ce qui vous habite et retrouver un \u00e9lan qui vous ressemble. Vous serez accompagn\u00e9-e d&rsquo;une th\u00e9rapie alliant l&rsquo;ACP (Approche Centr\u00e9e sur la Personne) et une pratique psycho-corporelle (Focusing, Emdr-Dsa). Une&hellip; <br \/> <a class=\"read-more\" href=\"https:\/\/valestherapeute.com\/\">Lire la suite<\/a><\/p>\n","protected":false},"author":1,"featured_media":0,"parent":0,"menu_order":0,"comment_status":"closed","ping_status":"closed","template":"","meta":{"footnotes":""},"class_list":["post-79","page","type-page","status-publish","hentry"],"_links":{"self":[{"href":"https:\/\/valestherapeute.com\/index.php\/wp-json\/wp\/v2\/pages\/79","targetHints":{"allow":["GET"]}}],"collection":[{"href":"https:\/\/valestherapeute.com\/index.php\/wp-json\/wp\/v2\/pages"}],"about":[{"href":"https:\/\/valestherapeute.com\/index.php\/wp-json\/wp\/v2\/types\/page"}],"author":[{"embeddable":true,"href":"https:\/\/valestherapeute.com\/index.php\/wp-json\/wp\/v2\/users\/1"}],"replies":[{"embeddable":true,"href":"https:\/\/valestherapeute.com\/index.php\/wp-json\/wp\/v2\/comments?post=79"}],"version-history":[{"count":1136,"href":"https:\/\/valestherapeute.com\/index.php\/wp-json\/wp\/v2\/pages\/79\/revisions"}],"predecessor-version":[{"id":4421,"href":"https:\/\/valestherapeute.com\/index.php\/wp-json\/wp\/v2\/pages\/79\/revisions\/4421"}],"wp:attachment":[{"href":"https:\/\/valestherapeute.com\/index.php\/wp-json\/wp\/v2\/media?parent=79"}],"curies":[{"name":"wp","href":"https:\/\/api.w.org\/{rel}","templated":true}]}}