{"id":316,"date":"2022-10-19T11:16:58","date_gmt":"2022-10-19T09:16:58","guid":{"rendered":"https:\/\/valestherapeute.com\/?page_id=316"},"modified":"2022-10-21T00:30:12","modified_gmt":"2022-10-20T22:30:12","slug":"mentions-legales","status":"publish","type":"page","link":"https:\/\/valestherapeute.com\/index.php\/mentions-legales\/","title":{"rendered":"Mentions l\u00e9gales"},"content":{"rendered":"\n<p><strong>Editeur du site :<\/strong><br>Val\u00e8s Th\u00e9rapeute<br>Courriel : valerievales.psy@gmail.com<\/p>\n\n\n\n<p><strong>Adresse :<\/strong><br>36, rue Daubenton\u00a0<br>75005 Paris<\/p>\n\n\n\n<p><strong>H\u00e9bergement :<\/strong><br>L\u2019h\u00e9bergement du site est r\u00e9alis\u00e9 par la soci\u00e9t\u00e9 OVH :<br>2 rue Kellermann<br>59100 Roubaix<\/p>\n\n\n\n<p><strong>Responsable de la gestion des donn\u00e9es personnelles :<\/strong><br>Val\u00e9rie Val\u00e8s<br>valerievales.psy@gmail.com<\/p>\n\n\n\n<p><\/p>\n","protected":false},"excerpt":{"rendered":"<p>Editeur du site :Val\u00e8s Th\u00e9rapeuteCourriel : valerievales.psy@gmail.com Adresse :36, rue Daubenton\u00a075005 Paris H\u00e9bergement :L\u2019h\u00e9bergement du site est r\u00e9alis\u00e9 par la soci\u00e9t\u00e9 OVH :2 rue Kellermann59100 Roubaix Responsable de la gestion des donn\u00e9es personnelles :Val\u00e9rie Val\u00e8svalerievales.psy@gmail.com<\/p>\n","protected":false},"author":1,"featured_media":0,"parent":0,"menu_order":0,"comment_status":"closed","ping_status":"closed","template":"","meta":{"footnotes":""},"class_list":["post-316","page","type-page","status-publish","hentry"],"_links":{"self":[{"href":"https:\/\/valestherapeute.com\/index.php\/wp-json\/wp\/v2\/pages\/316","targetHints":{"allow":["GET"]}}],"collection":[{"href":"https:\/\/valestherapeute.com\/index.php\/wp-json\/wp\/v2\/pages"}],"about":[{"href":"https:\/\/valestherapeute.com\/index.php\/wp-json\/wp\/v2\/types\/page"}],"author":[{"embeddable":true,"href":"https:\/\/valestherapeute.com\/index.php\/wp-json\/wp\/v2\/users\/1"}],"replies":[{"embeddable":true,"href":"https:\/\/valestherapeute.com\/index.php\/wp-json\/wp\/v2\/comments?post=316"}],"version-history":[{"count":2,"href":"https:\/\/valestherapeute.com\/index.php\/wp-json\/wp\/v2\/pages\/316\/revisions"}],"predecessor-version":[{"id":692,"href":"https:\/\/valestherapeute.com\/index.php\/wp-json\/wp\/v2\/pages\/316\/revisions\/692"}],"wp:attachment":[{"href":"https:\/\/valestherapeute.com\/index.php\/wp-json\/wp\/v2\/media?parent=316"}],"curies":[{"name":"wp","href":"https:\/\/api.w.org\/{rel}","templated":true}]}}